{"id":35,"date":"2019-07-23T14:46:45","date_gmt":"2019-07-23T17:46:45","guid":{"rendered":"http:\/\/redanticorrupcion.org\/?page_id=35"},"modified":"2020-04-03T13:11:27","modified_gmt":"2020-04-03T16:11:27","slug":"inicio","status":"publish","type":"page","link":"https:\/\/redanticorrupcion.org\/","title":{"rendered":"Inicio"},"content":{"rendered":"<p>\u00a1Bienvenido a tu sitio! Esta es tu p\u00e1gina de inicio, que es la que la mayor\u00eda de visitantes ver\u00e1n cuando vengan a tu sitio por primera vez.<\/p>\n","protected":false},"excerpt":{"rendered":"<p>\u00a1Bienvenido a tu sitio! Esta es tu p\u00e1gina de inicio, que es la que la mayor\u00eda de visitantes ver\u00e1n cuando vengan a tu sitio por primera vez.<\/p>\n","protected":false},"author":1,"featured_media":0,"parent":0,"menu_order":0,"comment_status":"closed","ping_status":"closed","template":"","meta":[],"_links":{"self":[{"href":"https:\/\/redanticorrupcion.org\/index.php?rest_route=\/wp\/v2\/pages\/35"}],"collection":[{"href":"https:\/\/redanticorrupcion.org\/index.php?rest_route=\/wp\/v2\/pages"}],"about":[{"href":"https:\/\/redanticorrupcion.org\/index.php?rest_route=\/wp\/v2\/types\/page"}],"author":[{"embeddable":true,"href":"https:\/\/redanticorrupcion.org\/index.php?rest_route=\/wp\/v2\/users\/1"}],"replies":[{"embeddable":true,"href":"https:\/\/redanticorrupcion.org\/index.php?rest_route=%2Fwp%2Fv2%2Fcomments&post=35"}],"version-history":[{"count":2,"href":"https:\/\/redanticorrupcion.org\/index.php?rest_route=\/wp\/v2\/pages\/35\/revisions"}],"predecessor-version":[{"id":269,"href":"https:\/\/redanticorrupcion.org\/index.php?rest_route=\/wp\/v2\/pages\/35\/revisions\/269"}],"wp:attachment":[{"href":"https:\/\/redanticorrupcion.org\/index.php?rest_route=%2Fwp%2Fv2%2Fmedia&parent=35"}],"curies":[{"name":"wp","href":"https:\/\/api.w.org\/{rel}","templated":true}]}}